{"id":5438,"date":"2022-06-28T18:18:13","date_gmt":"2022-06-28T09:18:13","guid":{"rendered":"https:\/\/limo-hinomaru.jp\/?page_id=5438"},"modified":"2024-01-17T20:12:35","modified_gmt":"2024-01-17T11:12:35","slug":"alphard","status":"publish","type":"page","link":"https:\/\/limo-hinomaru.jp\/zh\/car-lineup\/alphard\/","title":{"rendered":"\u4e30\u7530-\u57c3\u5c14\u6cd5"},"content":{"rendered":"<p><main><\/p>\n<figure><a href=\"https:\/\/limo-hinomaru.jp\/wp-content\/uploads\/2021\/06\/alphard.jpg\" rel=\"lightbox-0\"><img loading=\"lazy\" decoding=\"async\" src=\"https:\/\/limo-hinomaru.jp\/wp-content\/uploads\/2021\/06\/alphard.jpg\" alt=\"\" width=\"640\" height=\"426\" class=\"alignnone size-full wp-image-453\" srcset=\"https:\/\/limo-hinomaru.jp\/wp-content\/uploads\/2021\/06\/alphard.jpg 640w, https:\/\/limo-hinomaru.jp\/wp-content\/uploads\/2021\/06\/alphard-300x200.jpg 300w\" sizes=\"auto, (max-width: 640px) 100vw, 640px\" \/><\/a><\/figure>\n<table>\n<tr>\n<td colspan=\"2\">\n\t\t<strong>\u4e30\u7530-\u57c3\u5c14\u6cd5<\/strong><small>Toyota Alphard<\/small>\n\t<\/td>\n<\/tr>\n<tr>\n<td colspan=\"2\">\n\t\t<span class=\"man\">\u00d7 6<\/span><span class=\"bag\">\u00d7 2 or<\/span><span class=\"golf\">\u00d7 2<\/span>\n\t<\/td>\n<\/tr>\n<tr>\n<td class=\"size\">L:495cm<br \/>W:185cm<br \/>H:195cm<\/td>\n<td class=\"facility\"><span class=\"monitor\">Rearview TV monitor<\/span><span class=\"usb\">USB socket<\/span><\/td>\n<\/tr>\n<tr>\n<td><img decoding=\"async\" src=\"https:\/\/limo-hinomaru.jp\/wp-content\/uploads\/2021\/06\/v2.svg\"><\/td>\n<td><a href=\"https:\/\/www.limotokyo.jp\/ja\"target=\"_blank\">\u9884\u8ba2<\/td>\n<\/tr>\n<\/table>\n<p><\/main><br \/>\n\n\t\t<style type=\"text\/css\">\n\t\t\t#gallery-1 {\n\t\t\t\tmargin: auto;\n\t\t\t}\n\t\t\t#gallery-1 .gallery-item {\n\t\t\t\tfloat: left;\n\t\t\t\tmargin-top: 10px;\n\t\t\t\ttext-align: center;\n\t\t\t\twidth: 33%;\n\t\t\t}\n\t\t\t#gallery-1 img {\n\t\t\t\tborder: 2px solid #cfcfcf;\n\t\t\t}\n\t\t\t#gallery-1 .gallery-caption {\n\t\t\t\tmargin-left: 0;\n\t\t\t}\n\t\t\t\/* see gallery_shortcode() in wp-includes\/media.php *\/\n\t\t<\/style>\n\t\t<div id='gallery-1' class='gallery galleryid-5438 gallery-columns-3 gallery-size-medium'><dl class='gallery-item'>\n\t\t\t<dt class='gallery-icon portrait'>\n\t\t\t\t<a href='https:\/\/limo-hinomaru.jp\/wp-content\/uploads\/2021\/06\/alphard-1.jpg' rel=\"lightbox[gallery-0]\"><img loading=\"lazy\" decoding=\"async\" width=\"199\" height=\"300\" src=\"https:\/\/limo-hinomaru.jp\/wp-content\/uploads\/2021\/06\/alphard-1-199x300.jpg\" class=\"attachment-medium size-medium\" alt=\"\" srcset=\"https:\/\/limo-hinomaru.jp\/wp-content\/uploads\/2021\/06\/alphard-1-199x300.jpg 199w, https:\/\/limo-hinomaru.jp\/wp-content\/uploads\/2021\/06\/alphard-1.jpg 319w\" sizes=\"auto, (max-width: 199px) 100vw, 199px\" \/><\/a>\n\t\t\t<\/dt><\/dl><dl class='gallery-item'>\n\t\t\t<dt class='gallery-icon landscape'>\n\t\t\t\t<a href='https:\/\/limo-hinomaru.jp\/wp-content\/uploads\/2021\/06\/alphard-2.jpg' rel=\"lightbox[gallery-0]\"><img loading=\"lazy\" decoding=\"async\" width=\"300\" height=\"200\" src=\"https:\/\/limo-hinomaru.jp\/wp-content\/uploads\/2021\/06\/alphard-2-300x200.jpg\" class=\"attachment-medium size-medium\" alt=\"\" srcset=\"https:\/\/limo-hinomaru.jp\/wp-content\/uploads\/2021\/06\/alphard-2-300x200.jpg 300w, https:\/\/limo-hinomaru.jp\/wp-content\/uploads\/2021\/06\/alphard-2.jpg 640w\" sizes=\"auto, (max-width: 300px) 100vw, 300px\" \/><\/a>\n\t\t\t<\/dt><\/dl><dl class='gallery-item'>\n\t\t\t<dt class='gallery-icon portrait'>\n\t\t\t\t<a href='https:\/\/limo-hinomaru.jp\/wp-content\/uploads\/2021\/06\/alphard-3.jpg' rel=\"lightbox[gallery-0]\"><img loading=\"lazy\" decoding=\"async\" width=\"199\" height=\"300\" src=\"https:\/\/limo-hinomaru.jp\/wp-content\/uploads\/2021\/06\/alphard-3-199x300.jpg\" class=\"attachment-medium size-medium\" alt=\"\" srcset=\"https:\/\/limo-hinomaru.jp\/wp-content\/uploads\/2021\/06\/alphard-3-199x300.jpg 199w, https:\/\/limo-hinomaru.jp\/wp-content\/uploads\/2021\/06\/alphard-3.jpg 319w\" sizes=\"auto, (max-width: 199px) 100vw, 199px\" \/><\/a>\n\t\t\t<\/dt><\/dl><br style=\"clear: both\" \/><dl class='gallery-item'>\n\t\t\t<dt class='gallery-icon landscape'>\n\t\t\t\t<a href='https:\/\/limo-hinomaru.jp\/wp-content\/uploads\/2021\/06\/alphard-4.jpg' rel=\"lightbox[gallery-0]\"><img loading=\"lazy\" decoding=\"async\" width=\"300\" height=\"200\" src=\"https:\/\/limo-hinomaru.jp\/wp-content\/uploads\/2021\/06\/alphard-4-300x200.jpg\" class=\"attachment-medium size-medium\" alt=\"\" srcset=\"https:\/\/limo-hinomaru.jp\/wp-content\/uploads\/2021\/06\/alphard-4-300x200.jpg 300w, https:\/\/limo-hinomaru.jp\/wp-content\/uploads\/2021\/06\/alphard-4.jpg 640w\" sizes=\"auto, (max-width: 300px) 100vw, 300px\" \/><\/a>\n\t\t\t<\/dt><\/dl><dl class='gallery-item'>\n\t\t\t<dt class='gallery-icon landscape'>\n\t\t\t\t<a href='https:\/\/limo-hinomaru.jp\/wp-content\/uploads\/2021\/06\/alphard-5.jpg' rel=\"lightbox[gallery-0]\"><img loading=\"lazy\" decoding=\"async\" width=\"300\" height=\"200\" src=\"https:\/\/limo-hinomaru.jp\/wp-content\/uploads\/2021\/06\/alphard-5-300x200.jpg\" class=\"attachment-medium size-medium\" alt=\"\" srcset=\"https:\/\/limo-hinomaru.jp\/wp-content\/uploads\/2021\/06\/alphard-5-300x200.jpg 300w, https:\/\/limo-hinomaru.jp\/wp-content\/uploads\/2021\/06\/alphard-5.jpg 640w\" sizes=\"auto, (max-width: 300px) 100vw, 300px\" \/><\/a>\n\t\t\t<\/dt><\/dl><dl class='gallery-item'>\n\t\t\t<dt class='gallery-icon landscape'>\n\t\t\t\t<a href='https:\/\/limo-hinomaru.jp\/wp-content\/uploads\/2021\/06\/alphard-6.jpg' rel=\"lightbox[gallery-0]\"><img loading=\"lazy\" decoding=\"async\" width=\"300\" height=\"234\" src=\"https:\/\/limo-hinomaru.jp\/wp-content\/uploads\/2021\/06\/alphard-6-300x234.jpg\" class=\"attachment-medium size-medium\" alt=\"\" srcset=\"https:\/\/limo-hinomaru.jp\/wp-content\/uploads\/2021\/06\/alphard-6-300x234.jpg 300w, https:\/\/limo-hinomaru.jp\/wp-content\/uploads\/2021\/06\/alphard-6.jpg 615w\" sizes=\"auto, (max-width: 300px) 100vw, 300px\" \/><\/a>\n\t\t\t<\/dt><\/dl><br style=\"clear: both\" \/>\n\t\t<\/div>\n<\/p>\n","protected":false},"excerpt":{"rendered":"<p>\u4e30\u7530-\u57c3\u5c14\u6cd5Toyota Alphard \u00d7 6\u00d7 2 or\u00d7 2 L:495cmW:185cmH:195cm Rearview TV monitorUSB socket \u9884\u8ba2<\/p>\n","protected":false},"author":1,"featured_media":0,"parent":5395,"menu_order":12,"comment_status":"closed","ping_status":"closed","template":"page-car.php","meta":{"inline_featured_image":false,"_locale":"zh_CN","_original_post":"https:\/\/limo-hinomaru.jp\/?page_id=442","footnotes":""},"class_list":["post-5438","page","type-page","status-publish","hentry","zh-CN"],"_links":{"self":[{"href":"https:\/\/limo-hinomaru.jp\/wp-json\/wp\/v2\/pages\/5438","targetHints":{"allow":["GET"]}}],"collection":[{"href":"https:\/\/limo-hinomaru.jp\/wp-json\/wp\/v2\/pages"}],"about":[{"href":"https:\/\/limo-hinomaru.jp\/wp-json\/wp\/v2\/types\/page"}],"author":[{"embeddable":true,"href":"https:\/\/limo-hinomaru.jp\/wp-json\/wp\/v2\/users\/1"}],"replies":[{"embeddable":true,"href":"https:\/\/limo-hinomaru.jp\/wp-json\/wp\/v2\/comments?post=5438"}],"version-history":[{"count":7,"href":"https:\/\/limo-hinomaru.jp\/wp-json\/wp\/v2\/pages\/5438\/revisions"}],"predecessor-version":[{"id":6929,"href":"https:\/\/limo-hinomaru.jp\/wp-json\/wp\/v2\/pages\/5438\/revisions\/6929"}],"up":[{"embeddable":true,"href":"https:\/\/limo-hinomaru.jp\/wp-json\/wp\/v2\/pages\/5395"}],"wp:attachment":[{"href":"https:\/\/limo-hinomaru.jp\/wp-json\/wp\/v2\/media?parent=5438"}],"curies":[{"name":"wp","href":"https:\/\/api.w.org\/{rel}","templated":true}]}}