{"id":5431,"date":"2022-06-28T18:09:29","date_gmt":"2022-06-28T09:09:29","guid":{"rendered":"https:\/\/limo-hinomaru.jp\/?page_id=5431"},"modified":"2026-03-30T13:19:01","modified_gmt":"2026-03-30T04:19:01","slug":"crown","status":"publish","type":"page","link":"https:\/\/limo-hinomaru.jp\/zh\/car-lineup\/crown\/","title":{"rendered":"\u4e30\u7530-\u7687\u51a0"},"content":{"rendered":"<p><main><\/p>\n<figure><a href=\"https:\/\/limo-hinomaru.jp\/wp-content\/uploads\/2026\/03\/947aa86a947fc62081fd87cf64395811-scaled.jpeg\" rel=\"lightbox-0\"><img decoding=\"async\" src=\"https:\/\/limo-hinomaru.jp\/wp-content\/uploads\/2026\/03\/947aa86a947fc62081fd87cf64395811-scaled.jpeg\" \/><\/a><\/figure>\n<table>\n<tr>\n<td colspan=\"2\">\n\t\t<strong>\u4e30\u7530-\u7687\u51a0 <\/strong><small>Toyota Crown<\/small>\n\t<\/td>\n<\/tr>\n<tr>\n<td colspan=\"2\">\n\t\t<span class=\"man\">\u00d7 4<\/span><span class=\"bag\">\u00d7 2 or<\/span><span class=\"golf\">\u00d7 2<\/span>\n\t<\/td>\n<\/tr>\n<tr>\n<td class=\"size\">L:491cm<br \/>W:180cm<br \/>H:145cm<\/td>\n<td class=\"facility\"><span class=\"usb\">USB socket<\/span><\/td>\n<td><\/td>\n<\/tr>\n<tr>\n<td><img decoding=\"async\" src=\"https:\/\/limo-hinomaru.jp\/wp-content\/uploads\/2021\/06\/v1.svg\"><\/td>\n<td><a href=\"https:\/\/www.limotokyo.jp\/ja\"target=\"_blank\">\u9884\u8ba2<\/td>\n<\/tr>\n<\/table>\n<p><\/main><br \/>\n\n\t\t<style type=\"text\/css\">\n\t\t\t#gallery-1 {\n\t\t\t\tmargin: auto;\n\t\t\t}\n\t\t\t#gallery-1 .gallery-item {\n\t\t\t\tfloat: left;\n\t\t\t\tmargin-top: 10px;\n\t\t\t\ttext-align: center;\n\t\t\t\twidth: 33%;\n\t\t\t}\n\t\t\t#gallery-1 img {\n\t\t\t\tborder: 2px solid #cfcfcf;\n\t\t\t}\n\t\t\t#gallery-1 .gallery-caption {\n\t\t\t\tmargin-left: 0;\n\t\t\t}\n\t\t\t\/* see gallery_shortcode() in wp-includes\/media.php *\/\n\t\t<\/style>\n\t\t<div id='gallery-1' class='gallery galleryid-5431 gallery-columns-3 gallery-size-medium'><dl class='gallery-item'>\n\t\t\t<dt class='gallery-icon portrait'>\n\t\t\t\t<a href='https:\/\/limo-hinomaru.jp\/wp-content\/uploads\/2026\/03\/c6280f597525d4f10a368300e549128d-scaled.jpeg' rel=\"lightbox[gallery-0]\"><img loading=\"lazy\" decoding=\"async\" width=\"225\" height=\"300\" src=\"https:\/\/limo-hinomaru.jp\/wp-content\/uploads\/2026\/03\/c6280f597525d4f10a368300e549128d-225x300.jpeg\" class=\"attachment-medium size-medium\" alt=\"\" srcset=\"https:\/\/limo-hinomaru.jp\/wp-content\/uploads\/2026\/03\/c6280f597525d4f10a368300e549128d-225x300.jpeg 225w, https:\/\/limo-hinomaru.jp\/wp-content\/uploads\/2026\/03\/c6280f597525d4f10a368300e549128d-768x1024.jpeg 768w, https:\/\/limo-hinomaru.jp\/wp-content\/uploads\/2026\/03\/c6280f597525d4f10a368300e549128d-1152x1536.jpeg 1152w, https:\/\/limo-hinomaru.jp\/wp-content\/uploads\/2026\/03\/c6280f597525d4f10a368300e549128d-1536x2048.jpeg 1536w, https:\/\/limo-hinomaru.jp\/wp-content\/uploads\/2026\/03\/c6280f597525d4f10a368300e549128d-scaled.jpeg 1920w\" sizes=\"auto, (max-width: 225px) 100vw, 225px\" \/><\/a>\n\t\t\t<\/dt><\/dl><dl class='gallery-item'>\n\t\t\t<dt class='gallery-icon portrait'>\n\t\t\t\t<a href='https:\/\/limo-hinomaru.jp\/wp-content\/uploads\/2026\/03\/d5ea9e7a7b1e6c17e7d6acdba5785fba-scaled.jpeg' rel=\"lightbox[gallery-0]\"><img loading=\"lazy\" decoding=\"async\" width=\"225\" height=\"300\" src=\"https:\/\/limo-hinomaru.jp\/wp-content\/uploads\/2026\/03\/d5ea9e7a7b1e6c17e7d6acdba5785fba-225x300.jpeg\" class=\"attachment-medium size-medium\" alt=\"\" srcset=\"https:\/\/limo-hinomaru.jp\/wp-content\/uploads\/2026\/03\/d5ea9e7a7b1e6c17e7d6acdba5785fba-225x300.jpeg 225w, https:\/\/limo-hinomaru.jp\/wp-content\/uploads\/2026\/03\/d5ea9e7a7b1e6c17e7d6acdba5785fba-768x1024.jpeg 768w, https:\/\/limo-hinomaru.jp\/wp-content\/uploads\/2026\/03\/d5ea9e7a7b1e6c17e7d6acdba5785fba-1152x1536.jpeg 1152w, https:\/\/limo-hinomaru.jp\/wp-content\/uploads\/2026\/03\/d5ea9e7a7b1e6c17e7d6acdba5785fba-1536x2048.jpeg 1536w, https:\/\/limo-hinomaru.jp\/wp-content\/uploads\/2026\/03\/d5ea9e7a7b1e6c17e7d6acdba5785fba-scaled.jpeg 1920w\" sizes=\"auto, (max-width: 225px) 100vw, 225px\" \/><\/a>\n\t\t\t<\/dt><\/dl>\n\t\t\t<br style='clear: both' \/>\n\t\t<\/div>\n<\/p>\n","protected":false},"excerpt":{"rendered":"<p>\u4e30\u7530-\u7687\u51a0 Toyota Crown \u00d7 4\u00d7 2 or\u00d7 2 L:491cmW:180cmH:145cm USB socket \u9884\u8ba2<\/p>\n","protected":false},"author":1,"featured_media":0,"parent":5395,"menu_order":8,"comment_status":"closed","ping_status":"closed","template":"page-car.php","meta":{"inline_featured_image":false,"_locale":"zh_CN","_original_post":"https:\/\/limo-hinomaru.jp\/?page_id=476","footnotes":""},"class_list":["post-5431","page","type-page","status-publish","hentry","zh-CN"],"_links":{"self":[{"href":"https:\/\/limo-hinomaru.jp\/wp-json\/wp\/v2\/pages\/5431","targetHints":{"allow":["GET"]}}],"collection":[{"href":"https:\/\/limo-hinomaru.jp\/wp-json\/wp\/v2\/pages"}],"about":[{"href":"https:\/\/limo-hinomaru.jp\/wp-json\/wp\/v2\/types\/page"}],"author":[{"embeddable":true,"href":"https:\/\/limo-hinomaru.jp\/wp-json\/wp\/v2\/users\/1"}],"replies":[{"embeddable":true,"href":"https:\/\/limo-hinomaru.jp\/wp-json\/wp\/v2\/comments?post=5431"}],"version-history":[{"count":7,"href":"https:\/\/limo-hinomaru.jp\/wp-json\/wp\/v2\/pages\/5431\/revisions"}],"predecessor-version":[{"id":9421,"href":"https:\/\/limo-hinomaru.jp\/wp-json\/wp\/v2\/pages\/5431\/revisions\/9421"}],"up":[{"embeddable":true,"href":"https:\/\/limo-hinomaru.jp\/wp-json\/wp\/v2\/pages\/5395"}],"wp:attachment":[{"href":"https:\/\/limo-hinomaru.jp\/wp-json\/wp\/v2\/media?parent=5431"}],"curies":[{"name":"wp","href":"https:\/\/api.w.org\/{rel}","templated":true}]}}