{"id":5425,"date":"2022-06-28T18:05:56","date_gmt":"2022-06-28T09:05:56","guid":{"rendered":"https:\/\/limo-hinomaru.jp\/?page_id=5425"},"modified":"2026-03-30T13:21:00","modified_gmt":"2026-03-30T04:21:00","slug":"benz-s-class","status":"publish","type":"page","link":"https:\/\/limo-hinomaru.jp\/zh\/car-lineup\/benz-s-class\/","title":{"rendered":"\u5954\u9a70-S\u7ea7"},"content":{"rendered":"<p><main><\/p>\n<figure><a href=\"https:\/\/limo-hinomaru.jp\/wp-content\/uploads\/2026\/03\/ecdda0a4cfec91ce546fcd980c4b5c57-scaled.jpeg\" rel=\"lightbox-0\"><img decoding=\"async\" src=\"https:\/\/limo-hinomaru.jp\/wp-content\/uploads\/2026\/03\/ecdda0a4cfec91ce546fcd980c4b5c57-scaled.jpeg\" \/><\/a><\/figure>\n<table>\n<tr>\n<td colspan=\"2\">\n\t\t<strong>\u5954\u9a70-S\u7ea7<\/strong><small>Mercedes Benz S Class<\/small>\n\t<\/td>\n<\/tr>\n<tr>\n<td colspan=\"2\">\n\t\t<span class=\"man\">\u00d7 4<\/span><span class=\"bag\">\u00d7 2 or<\/span><span class=\"golf\">\u00d7 2<\/span>\n\t<\/td>\n<\/tr>\n<tr>\n<td class=\"size\">L:525cm<br \/>W:190cm<br \/>H:149cm<\/td>\n<td class=\"facility\"><span class=\"usb\">USB socket<\/span><\/td>\n<td><\/td>\n<\/tr>\n<tr>\n<td><img decoding=\"async\" src=\"https:\/\/limo-hinomaru.jp\/wp-content\/uploads\/2021\/06\/v1.svg\"><\/td>\n<td><a href=\"https:\/\/www.limotokyo.jp\/ja\"target=\"_blank\">\u9884\u8ba2<\/td>\n<\/tr>\n<\/table>\n<p><\/main><br \/>\n\n\t\t<style type=\"text\/css\">\n\t\t\t#gallery-1 {\n\t\t\t\tmargin: auto;\n\t\t\t}\n\t\t\t#gallery-1 .gallery-item {\n\t\t\t\tfloat: left;\n\t\t\t\tmargin-top: 10px;\n\t\t\t\ttext-align: center;\n\t\t\t\twidth: 33%;\n\t\t\t}\n\t\t\t#gallery-1 img {\n\t\t\t\tborder: 2px solid #cfcfcf;\n\t\t\t}\n\t\t\t#gallery-1 .gallery-caption {\n\t\t\t\tmargin-left: 0;\n\t\t\t}\n\t\t\t\/* see gallery_shortcode() in wp-includes\/media.php *\/\n\t\t<\/style>\n\t\t<div id='gallery-1' class='gallery galleryid-5425 gallery-columns-3 gallery-size-medium'><dl class='gallery-item'>\n\t\t\t<dt class='gallery-icon landscape'>\n\t\t\t\t<a href='https:\/\/limo-hinomaru.jp\/wp-content\/uploads\/2026\/03\/6398ac52ed0a99ce07b9e21247e86f86-scaled.jpeg' rel=\"lightbox[gallery-0]\"><img loading=\"lazy\" decoding=\"async\" width=\"300\" height=\"225\" src=\"https:\/\/limo-hinomaru.jp\/wp-content\/uploads\/2026\/03\/6398ac52ed0a99ce07b9e21247e86f86-300x225.jpeg\" class=\"attachment-medium size-medium\" alt=\"\" srcset=\"https:\/\/limo-hinomaru.jp\/wp-content\/uploads\/2026\/03\/6398ac52ed0a99ce07b9e21247e86f86-300x225.jpeg 300w, https:\/\/limo-hinomaru.jp\/wp-content\/uploads\/2026\/03\/6398ac52ed0a99ce07b9e21247e86f86-1024x768.jpeg 1024w, https:\/\/limo-hinomaru.jp\/wp-content\/uploads\/2026\/03\/6398ac52ed0a99ce07b9e21247e86f86-768x576.jpeg 768w, https:\/\/limo-hinomaru.jp\/wp-content\/uploads\/2026\/03\/6398ac52ed0a99ce07b9e21247e86f86-1536x1152.jpeg 1536w, https:\/\/limo-hinomaru.jp\/wp-content\/uploads\/2026\/03\/6398ac52ed0a99ce07b9e21247e86f86-2048x1536.jpeg 2048w\" sizes=\"auto, (max-width: 300px) 100vw, 300px\" \/><\/a>\n\t\t\t<\/dt><\/dl><dl class='gallery-item'>\n\t\t\t<dt class='gallery-icon landscape'>\n\t\t\t\t<a href='https:\/\/limo-hinomaru.jp\/wp-content\/uploads\/2026\/03\/68ce638fd37d2565adf824596cbafc49-scaled.jpeg' rel=\"lightbox[gallery-0]\"><img loading=\"lazy\" decoding=\"async\" width=\"300\" height=\"225\" src=\"https:\/\/limo-hinomaru.jp\/wp-content\/uploads\/2026\/03\/68ce638fd37d2565adf824596cbafc49-300x225.jpeg\" class=\"attachment-medium size-medium\" alt=\"\" srcset=\"https:\/\/limo-hinomaru.jp\/wp-content\/uploads\/2026\/03\/68ce638fd37d2565adf824596cbafc49-300x225.jpeg 300w, https:\/\/limo-hinomaru.jp\/wp-content\/uploads\/2026\/03\/68ce638fd37d2565adf824596cbafc49-1024x768.jpeg 1024w, https:\/\/limo-hinomaru.jp\/wp-content\/uploads\/2026\/03\/68ce638fd37d2565adf824596cbafc49-768x576.jpeg 768w, https:\/\/limo-hinomaru.jp\/wp-content\/uploads\/2026\/03\/68ce638fd37d2565adf824596cbafc49-1536x1152.jpeg 1536w, https:\/\/limo-hinomaru.jp\/wp-content\/uploads\/2026\/03\/68ce638fd37d2565adf824596cbafc49-2048x1536.jpeg 2048w\" sizes=\"auto, (max-width: 300px) 100vw, 300px\" \/><\/a>\n\t\t\t<\/dt><\/dl><dl class='gallery-item'>\n\t\t\t<dt class='gallery-icon landscape'>\n\t\t\t\t<a href='https:\/\/limo-hinomaru.jp\/wp-content\/uploads\/2026\/03\/53f1e383f5c0a3fa1c16362e9fd1a04d-scaled.jpeg' rel=\"lightbox[gallery-0]\"><img loading=\"lazy\" decoding=\"async\" width=\"300\" height=\"225\" src=\"https:\/\/limo-hinomaru.jp\/wp-content\/uploads\/2026\/03\/53f1e383f5c0a3fa1c16362e9fd1a04d-300x225.jpeg\" class=\"attachment-medium size-medium\" alt=\"\" srcset=\"https:\/\/limo-hinomaru.jp\/wp-content\/uploads\/2026\/03\/53f1e383f5c0a3fa1c16362e9fd1a04d-300x225.jpeg 300w, https:\/\/limo-hinomaru.jp\/wp-content\/uploads\/2026\/03\/53f1e383f5c0a3fa1c16362e9fd1a04d-1024x768.jpeg 1024w, https:\/\/limo-hinomaru.jp\/wp-content\/uploads\/2026\/03\/53f1e383f5c0a3fa1c16362e9fd1a04d-768x576.jpeg 768w, https:\/\/limo-hinomaru.jp\/wp-content\/uploads\/2026\/03\/53f1e383f5c0a3fa1c16362e9fd1a04d-1536x1152.jpeg 1536w, https:\/\/limo-hinomaru.jp\/wp-content\/uploads\/2026\/03\/53f1e383f5c0a3fa1c16362e9fd1a04d-2048x1536.jpeg 2048w\" sizes=\"auto, (max-width: 300px) 100vw, 300px\" \/><\/a>\n\t\t\t<\/dt><\/dl><br style=\"clear: both\" \/>\n\t\t<\/div>\n<\/p>\n","protected":false},"excerpt":{"rendered":"<p>\u5954\u9a70-S\u7ea7Mercedes Benz S Class \u00d7 4\u00d7 2 or\u00d7 2 L:525cmW:190cmH:149cm USB socket \u9884\u8ba2<\/p>\n","protected":false},"author":1,"featured_media":0,"parent":5395,"menu_order":5,"comment_status":"closed","ping_status":"closed","template":"page-car.php","meta":{"inline_featured_image":false,"_locale":"zh_CN","_original_post":"https:\/\/limo-hinomaru.jp\/?page_id=498","footnotes":""},"class_list":["post-5425","page","type-page","status-publish","hentry","zh-CN"],"_links":{"self":[{"href":"https:\/\/limo-hinomaru.jp\/wp-json\/wp\/v2\/pages\/5425","targetHints":{"allow":["GET"]}}],"collection":[{"href":"https:\/\/limo-hinomaru.jp\/wp-json\/wp\/v2\/pages"}],"about":[{"href":"https:\/\/limo-hinomaru.jp\/wp-json\/wp\/v2\/types\/page"}],"author":[{"embeddable":true,"href":"https:\/\/limo-hinomaru.jp\/wp-json\/wp\/v2\/users\/1"}],"replies":[{"embeddable":true,"href":"https:\/\/limo-hinomaru.jp\/wp-json\/wp\/v2\/comments?post=5425"}],"version-history":[{"count":9,"href":"https:\/\/limo-hinomaru.jp\/wp-json\/wp\/v2\/pages\/5425\/revisions"}],"predecessor-version":[{"id":9423,"href":"https:\/\/limo-hinomaru.jp\/wp-json\/wp\/v2\/pages\/5425\/revisions\/9423"}],"up":[{"embeddable":true,"href":"https:\/\/limo-hinomaru.jp\/wp-json\/wp\/v2\/pages\/5395"}],"wp:attachment":[{"href":"https:\/\/limo-hinomaru.jp\/wp-json\/wp\/v2\/media?parent=5425"}],"curies":[{"name":"wp","href":"https:\/\/api.w.org\/{rel}","templated":true}]}}