{"id":5399,"date":"2022-06-28T17:25:58","date_gmt":"2022-06-28T08:25:58","guid":{"rendered":"https:\/\/limo-hinomaru.jp\/?page_id=5399"},"modified":"2024-01-17T20:05:23","modified_gmt":"2024-01-17T11:05:23","slug":"tesla-model-x","status":"publish","type":"page","link":"https:\/\/limo-hinomaru.jp\/zh\/car-lineup\/tesla-model-x\/","title":{"rendered":"\u7279\u65af\u62c9 model X"},"content":{"rendered":"<p><main><\/p>\n<figure><a href=\"https:\/\/limo-hinomaru.jp\/wp-content\/uploads\/2022\/04\/TeslaModelX.jpg\" rel=\"lightbox-0\"><img decoding=\"async\" src=\"https:\/\/limo-hinomaru.jp\/wp-content\/uploads\/2022\/04\/TeslaModelX.jpg\" \/><\/a><\/figure>\n<table>\n<tr>\n<td colspan=\"2\">\n\t\t<strong>\u7279\u65af\u62c9 model X<\/strong><small>Tesla Model X<\/small>\n\t<\/td>\n<\/tr>\n<tr>\n<td colspan=\"2\">\n\t\t<span class=\"man\">\u00d7 5<\/span><span class=\"bag\">\u00d7 2 or<\/span><span class=\"golf\">\u00d7 2<\/span>\n\t<\/td>\n<\/tr>\n<tr>\n<td class=\"size\">L:505cm<br \/>W:201cm<br \/>H:168cm<\/td>\n<\/tr>\n<tr>\n<td><img decoding=\"async\" src=\"https:\/\/limo-hinomaru.jp\/wp-content\/uploads\/2022\/04\/image_TeslaModelX.png\"><\/td>\n<td><a href=\"https:\/\/www.limotokyo.jp\/ja\"target=\"_blank\">\u9884\u8ba2<\/td>\n<\/tr>\n<\/table>\n<p><\/main><br \/>\n\n\t\t<style type=\"text\/css\">\n\t\t\t#gallery-1 {\n\t\t\t\tmargin: auto;\n\t\t\t}\n\t\t\t#gallery-1 .gallery-item {\n\t\t\t\tfloat: left;\n\t\t\t\tmargin-top: 10px;\n\t\t\t\ttext-align: center;\n\t\t\t\twidth: 33%;\n\t\t\t}\n\t\t\t#gallery-1 img {\n\t\t\t\tborder: 2px solid #cfcfcf;\n\t\t\t}\n\t\t\t#gallery-1 .gallery-caption {\n\t\t\t\tmargin-left: 0;\n\t\t\t}\n\t\t\t\/* see gallery_shortcode() in wp-includes\/media.php *\/\n\t\t<\/style>\n\t\t<div id='gallery-1' class='gallery galleryid-5399 gallery-columns-3 gallery-size-medium'><dl class='gallery-item'>\n\t\t\t<dt class='gallery-icon landscape'>\n\t\t\t\t<a href='https:\/\/limo-hinomaru.jp\/wp-content\/uploads\/2022\/04\/teslaX_1.jpg' rel=\"lightbox[gallery-0]\"><img loading=\"lazy\" decoding=\"async\" width=\"300\" height=\"199\" src=\"https:\/\/limo-hinomaru.jp\/wp-content\/uploads\/2022\/04\/teslaX_1-300x199.jpg\" class=\"attachment-medium size-medium\" alt=\"\" srcset=\"https:\/\/limo-hinomaru.jp\/wp-content\/uploads\/2022\/04\/teslaX_1-300x199.jpg 300w, https:\/\/limo-hinomaru.jp\/wp-content\/uploads\/2022\/04\/teslaX_1.jpg 640w\" sizes=\"auto, (max-width: 300px) 100vw, 300px\" \/><\/a>\n\t\t\t<\/dt><\/dl><dl class='gallery-item'>\n\t\t\t<dt class='gallery-icon landscape'>\n\t\t\t\t<a href='https:\/\/limo-hinomaru.jp\/wp-content\/uploads\/2022\/04\/teslaX_2.jpg' rel=\"lightbox[gallery-0]\"><img loading=\"lazy\" decoding=\"async\" width=\"300\" height=\"199\" src=\"https:\/\/limo-hinomaru.jp\/wp-content\/uploads\/2022\/04\/teslaX_2-300x199.jpg\" class=\"attachment-medium size-medium\" alt=\"\" srcset=\"https:\/\/limo-hinomaru.jp\/wp-content\/uploads\/2022\/04\/teslaX_2-300x199.jpg 300w, https:\/\/limo-hinomaru.jp\/wp-content\/uploads\/2022\/04\/teslaX_2.jpg 640w\" sizes=\"auto, (max-width: 300px) 100vw, 300px\" \/><\/a>\n\t\t\t<\/dt><\/dl><dl class='gallery-item'>\n\t\t\t<dt class='gallery-icon landscape'>\n\t\t\t\t<a href='https:\/\/limo-hinomaru.jp\/wp-content\/uploads\/2022\/04\/teslaX_3.jpg' rel=\"lightbox[gallery-0]\"><img loading=\"lazy\" decoding=\"async\" width=\"300\" height=\"199\" src=\"https:\/\/limo-hinomaru.jp\/wp-content\/uploads\/2022\/04\/teslaX_3-300x199.jpg\" class=\"attachment-medium size-medium\" alt=\"\" srcset=\"https:\/\/limo-hinomaru.jp\/wp-content\/uploads\/2022\/04\/teslaX_3-300x199.jpg 300w, https:\/\/limo-hinomaru.jp\/wp-content\/uploads\/2022\/04\/teslaX_3.jpg 640w\" sizes=\"auto, (max-width: 300px) 100vw, 300px\" \/><\/a>\n\t\t\t<\/dt><\/dl><br style=\"clear: both\" \/>\n\t\t<\/div>\n<\/p>\n","protected":false},"excerpt":{"rendered":"<p>\u7279\u65af\u62c9 model XTesla Model X \u00d7 5\u00d7 2 or\u00d7 2 L:505cmW:201cmH:168cm \u9884\u8ba2<\/p>\n","protected":false},"author":1,"featured_media":0,"parent":5395,"menu_order":0,"comment_status":"closed","ping_status":"closed","template":"page-car.php","meta":{"inline_featured_image":false,"_locale":"zh_CN","_original_post":"https:\/\/limo-hinomaru.jp\/?page_id=2512","footnotes":""},"class_list":["post-5399","page","type-page","status-publish","hentry","zh-CN"],"_links":{"self":[{"href":"https:\/\/limo-hinomaru.jp\/wp-json\/wp\/v2\/pages\/5399","targetHints":{"allow":["GET"]}}],"collection":[{"href":"https:\/\/limo-hinomaru.jp\/wp-json\/wp\/v2\/pages"}],"about":[{"href":"https:\/\/limo-hinomaru.jp\/wp-json\/wp\/v2\/types\/page"}],"author":[{"embeddable":true,"href":"https:\/\/limo-hinomaru.jp\/wp-json\/wp\/v2\/users\/1"}],"replies":[{"embeddable":true,"href":"https:\/\/limo-hinomaru.jp\/wp-json\/wp\/v2\/comments?post=5399"}],"version-history":[{"count":11,"href":"https:\/\/limo-hinomaru.jp\/wp-json\/wp\/v2\/pages\/5399\/revisions"}],"predecessor-version":[{"id":6903,"href":"https:\/\/limo-hinomaru.jp\/wp-json\/wp\/v2\/pages\/5399\/revisions\/6903"}],"up":[{"embeddable":true,"href":"https:\/\/limo-hinomaru.jp\/wp-json\/wp\/v2\/pages\/5395"}],"wp:attachment":[{"href":"https:\/\/limo-hinomaru.jp\/wp-json\/wp\/v2\/media?parent=5399"}],"curies":[{"name":"wp","href":"https:\/\/api.w.org\/{rel}","templated":true}]}}