{"id":6112,"date":"2023-02-06T13:45:36","date_gmt":"2023-02-06T04:45:36","guid":{"rendered":"https:\/\/limo-hinomaru.jp\/?page_id=6112"},"modified":"2024-01-17T20:07:19","modified_gmt":"2024-01-17T11:07:19","slug":"mercedes-benz-eqs","status":"publish","type":"page","link":"https:\/\/limo-hinomaru.jp\/en\/car-lineup\/mercedes-benz-eqs\/","title":{"rendered":"Mercedes Benz EQS"},"content":{"rendered":"<p><main><\/p>\n<figure><a href=\"https:\/\/limo-hinomaru.jp\/wp-content\/uploads\/2023\/02\/eqs_1.jpeg\" rel=\"lightbox-0\"><img decoding=\"async\" src=\"https:\/\/limo-hinomaru.jp\/wp-content\/uploads\/2023\/02\/eqs_1.jpeg\" \/><\/a><\/figure>\n<table>\n<tr>\n<td colspan=\"2\">\n\t\t<strong>Mercedes Benz EQS<\/strong><small>Mercedes Benz EQS<\/small>\n\t<\/td>\n<\/tr>\n<tr>\n<td colspan=\"2\">\n\t\t<span class=\"man\">\u00d7 4<\/span><span class=\"bag\">\u00d7 3 or<\/span><span class=\"golf\">\u00d7 2<\/span>\n\t<\/td>\n<\/tr>\n<tr>\n<td class=\"size\">L:522cm<br \/>W:192cm<br \/>H:152cm<\/td>\n<td class=\"facility\"><span class=\"waiyares\">wireless<\/span><\/td>\n<\/tr>\n<tr>\n<td><img decoding=\"async\" src=\"https:\/\/limo-hinomaru.jp\/wp-content\/uploads\/2021\/06\/v1.svg\"><\/td>\n<td><a href=\"https:\/\/www.limotokyo.jp\/ja\"target=\"_blank\">Reservation<\/td>\n<\/tr>\n<\/table>\n<p><\/main><br \/>\n\n\t\t<style type=\"text\/css\">\n\t\t\t#gallery-1 {\n\t\t\t\tmargin: auto;\n\t\t\t}\n\t\t\t#gallery-1 .gallery-item {\n\t\t\t\tfloat: left;\n\t\t\t\tmargin-top: 10px;\n\t\t\t\ttext-align: center;\n\t\t\t\twidth: 33%;\n\t\t\t}\n\t\t\t#gallery-1 img {\n\t\t\t\tborder: 2px solid #cfcfcf;\n\t\t\t}\n\t\t\t#gallery-1 .gallery-caption {\n\t\t\t\tmargin-left: 0;\n\t\t\t}\n\t\t\t\/* see gallery_shortcode() in wp-includes\/media.php *\/\n\t\t<\/style>\n\t\t<div id='gallery-1' class='gallery galleryid-6112 gallery-columns-3 gallery-size-medium'><dl class='gallery-item'>\n\t\t\t<dt class='gallery-icon landscape'>\n\t\t\t\t<a href='https:\/\/limo-hinomaru.jp\/wp-content\/uploads\/2023\/02\/\u5ea7\u5e2d\u2461-scaled.jpg' rel=\"lightbox[gallery-0]\"><img loading=\"lazy\" decoding=\"async\" width=\"300\" height=\"225\" src=\"https:\/\/limo-hinomaru.jp\/wp-content\/uploads\/2023\/02\/\u5ea7\u5e2d\u2461-300x225.jpg\" class=\"attachment-medium size-medium\" alt=\"\" srcset=\"https:\/\/limo-hinomaru.jp\/wp-content\/uploads\/2023\/02\/\u5ea7\u5e2d\u2461-300x225.jpg 300w, https:\/\/limo-hinomaru.jp\/wp-content\/uploads\/2023\/02\/\u5ea7\u5e2d\u2461-1024x768.jpg 1024w, https:\/\/limo-hinomaru.jp\/wp-content\/uploads\/2023\/02\/\u5ea7\u5e2d\u2461-768x576.jpg 768w, https:\/\/limo-hinomaru.jp\/wp-content\/uploads\/2023\/02\/\u5ea7\u5e2d\u2461-1536x1152.jpg 1536w, https:\/\/limo-hinomaru.jp\/wp-content\/uploads\/2023\/02\/\u5ea7\u5e2d\u2461-2048x1536.jpg 2048w\" sizes=\"auto, (max-width: 300px) 100vw, 300px\" \/><\/a>\n\t\t\t<\/dt><\/dl><dl class='gallery-item'>\n\t\t\t<dt class='gallery-icon landscape'>\n\t\t\t\t<a href='https:\/\/limo-hinomaru.jp\/wp-content\/uploads\/2023\/02\/EQS\u3000\u7121\u7dda\u5145\u96fb-scaled.jpeg' rel=\"lightbox[gallery-0]\"><img loading=\"lazy\" decoding=\"async\" width=\"300\" height=\"225\" src=\"https:\/\/limo-hinomaru.jp\/wp-content\/uploads\/2023\/02\/EQS\u3000\u7121\u7dda\u5145\u96fb-300x225.jpeg\" class=\"attachment-medium size-medium\" alt=\"\" srcset=\"https:\/\/limo-hinomaru.jp\/wp-content\/uploads\/2023\/02\/EQS\u3000\u7121\u7dda\u5145\u96fb-300x225.jpeg 300w, https:\/\/limo-hinomaru.jp\/wp-content\/uploads\/2023\/02\/EQS\u3000\u7121\u7dda\u5145\u96fb-1024x768.jpeg 1024w, https:\/\/limo-hinomaru.jp\/wp-content\/uploads\/2023\/02\/EQS\u3000\u7121\u7dda\u5145\u96fb-768x576.jpeg 768w, https:\/\/limo-hinomaru.jp\/wp-content\/uploads\/2023\/02\/EQS\u3000\u7121\u7dda\u5145\u96fb-1536x1152.jpeg 1536w, https:\/\/limo-hinomaru.jp\/wp-content\/uploads\/2023\/02\/EQS\u3000\u7121\u7dda\u5145\u96fb-2048x1536.jpeg 2048w\" sizes=\"auto, (max-width: 300px) 100vw, 300px\" \/><\/a>\n\t\t\t<\/dt><\/dl><dl class='gallery-item'>\n\t\t\t<dt class='gallery-icon landscape'>\n\t\t\t\t<a href='https:\/\/limo-hinomaru.jp\/wp-content\/uploads\/2023\/02\/EQS\u3000\u30c8\u30e9\u30f3\u30af\u2461-scaled.jpg' rel=\"lightbox[gallery-0]\"><img loading=\"lazy\" decoding=\"async\" width=\"300\" height=\"225\" src=\"https:\/\/limo-hinomaru.jp\/wp-content\/uploads\/2023\/02\/EQS\u3000\u30c8\u30e9\u30f3\u30af\u2461-300x225.jpg\" class=\"attachment-medium size-medium\" alt=\"\" srcset=\"https:\/\/limo-hinomaru.jp\/wp-content\/uploads\/2023\/02\/EQS\u3000\u30c8\u30e9\u30f3\u30af\u2461-300x225.jpg 300w, https:\/\/limo-hinomaru.jp\/wp-content\/uploads\/2023\/02\/EQS\u3000\u30c8\u30e9\u30f3\u30af\u2461-1024x768.jpg 1024w, https:\/\/limo-hinomaru.jp\/wp-content\/uploads\/2023\/02\/EQS\u3000\u30c8\u30e9\u30f3\u30af\u2461-768x576.jpg 768w, https:\/\/limo-hinomaru.jp\/wp-content\/uploads\/2023\/02\/EQS\u3000\u30c8\u30e9\u30f3\u30af\u2461-1536x1152.jpg 1536w, https:\/\/limo-hinomaru.jp\/wp-content\/uploads\/2023\/02\/EQS\u3000\u30c8\u30e9\u30f3\u30af\u2461-2048x1536.jpg 2048w\" sizes=\"auto, (max-width: 300px) 100vw, 300px\" \/><\/a>\n\t\t\t<\/dt><\/dl><br style=\"clear: both\" \/>\n\t\t<\/div>\n<\/p>\n","protected":false},"excerpt":{"rendered":"<p>Mercedes Benz EQSMercedes Benz EQS \u00d7 4\u00d7 3 or\u00d7 2 L:522cmW:192cmH:152cm wireless Reservation<\/p>\n","protected":false},"author":1,"featured_media":0,"parent":1185,"menu_order":0,"comment_status":"closed","ping_status":"closed","template":"page-car.php","meta":{"inline_featured_image":false,"_locale":"en_US","_original_post":"https:\/\/limo-hinomaru.jp\/?page_id=6041","footnotes":""},"class_list":["post-6112","page","type-page","status-publish","hentry","en-US"],"_links":{"self":[{"href":"https:\/\/limo-hinomaru.jp\/wp-json\/wp\/v2\/pages\/6112","targetHints":{"allow":["GET"]}}],"collection":[{"href":"https:\/\/limo-hinomaru.jp\/wp-json\/wp\/v2\/pages"}],"about":[{"href":"https:\/\/limo-hinomaru.jp\/wp-json\/wp\/v2\/types\/page"}],"author":[{"embeddable":true,"href":"https:\/\/limo-hinomaru.jp\/wp-json\/wp\/v2\/users\/1"}],"replies":[{"embeddable":true,"href":"https:\/\/limo-hinomaru.jp\/wp-json\/wp\/v2\/comments?post=6112"}],"version-history":[{"count":9,"href":"https:\/\/limo-hinomaru.jp\/wp-json\/wp\/v2\/pages\/6112\/revisions"}],"predecessor-version":[{"id":6909,"href":"https:\/\/limo-hinomaru.jp\/wp-json\/wp\/v2\/pages\/6112\/revisions\/6909"}],"up":[{"embeddable":true,"href":"https:\/\/limo-hinomaru.jp\/wp-json\/wp\/v2\/pages\/1185"}],"wp:attachment":[{"href":"https:\/\/limo-hinomaru.jp\/wp-json\/wp\/v2\/media?parent=6112"}],"curies":[{"name":"wp","href":"https:\/\/api.w.org\/{rel}","templated":true}]}}